{"id":28,"date":"2017-11-09T21:00:10","date_gmt":"2017-11-09T20:00:10","guid":{"rendered":"http:\/\/qigong.diruf.de\/?page_id=28"},"modified":"2022-04-25T11:27:28","modified_gmt":"2022-04-25T10:27:28","slug":"startseite","status":"publish","type":"page","link":"https:\/\/www.annette-diruf.de\/","title":{"rendered":"Herzlich willkommen!"},"content":{"rendered":"\n<p>Mein Name ist Annette Diruf, ich biete Coaching und Lebenspflege mit Qigong in Oldenburg und umzu.<\/p>\n\n\n\n<p>Mein Angebot:<\/p>\n\n\n\n<p><strong>Coaching<\/strong><\/p>\n\n\n\n<p>Meine Schwerpunkte: Systemisches Coaching, Business Coaching, Gesundheit, Burnout- und Stresspr\u00e4vention<\/p>\n\n\n\n<p><strong>Qigong<\/strong><\/p>\n\n\n\n<p><a href=\"https:\/\/www.annette-diruf.de\/?p=277\" data-type=\"URL\" data-id=\"https:\/\/www.annette-diruf.de\/?p=277\">Fortlaufendes Angebot und Kurse<\/a><\/p>\n\n\n\n<p>Kontaktieren Sie mich gerne per E-Mail oder telefonisch um zu kl\u00e4ren, wie ich Sie am Besten unterst\u00fctzen kann.<\/p>\n\n\n\n<p>Mobil: 01511-7589874<\/p>\n\n\n\n<p>Email: info@annette-diruf.de<\/p>\n\n\n\n<p><\/p>\n\n\n\n<p><strong>Webangebote f\u00fcr Coaches und Therapeut:innen<\/strong><\/p>\n\n\n\n<p>Sie sind  als Coach oder Therapeut:in t\u00e4tig und brauchen Unterst\u00fctzung bei Ihrer Website und Pr\u00e4senz in Social Media?<\/p>\n\n\n\n<p>Nehmen Sie Kontakt zu mir auf: info@diruf.de<\/p>\n\n\n\n<p><\/p>\n","protected":false},"excerpt":{"rendered":"<p>Mein Name ist Annette Diruf, ich biete Coaching und Lebenspflege mit Qigong in Oldenburg und umzu. Mein Angebot: Coaching Meine Schwerpunkte: Systemisches Coaching, Business Coaching, Gesundheit, Burnout- und Stresspr\u00e4vention Qigong Fortlaufendes Angebot und Kurse Kontaktieren Sie mich gerne per E-Mail oder telefonisch um zu kl\u00e4ren, wie ich Sie am Besten unterst\u00fctzen kann. Mobil: 01511-7589874 Email:&#8230; <\/p>\n<div class=\"link-more\"><a href=\"https:\/\/www.annette-diruf.de\/\">Weiterlesen<\/a><\/div>\n","protected":false},"author":2,"featured_media":15,"parent":0,"menu_order":0,"comment_status":"closed","ping_status":"closed","template":"","meta":[],"_links":{"self":[{"href":"https:\/\/www.annette-diruf.de\/index.php?rest_route=\/wp\/v2\/pages\/28"}],"collection":[{"href":"https:\/\/www.annette-diruf.de\/index.php?rest_route=\/wp\/v2\/pages"}],"about":[{"href":"https:\/\/www.annette-diruf.de\/index.php?rest_route=\/wp\/v2\/types\/page"}],"author":[{"embeddable":true,"href":"https:\/\/www.annette-diruf.de\/index.php?rest_route=\/wp\/v2\/users\/2"}],"replies":[{"embeddable":true,"href":"https:\/\/www.annette-diruf.de\/index.php?rest_route=%2Fwp%2Fv2%2Fcomments&post=28"}],"version-history":[{"count":14,"href":"https:\/\/www.annette-diruf.de\/index.php?rest_route=\/wp\/v2\/pages\/28\/revisions"}],"predecessor-version":[{"id":402,"href":"https:\/\/www.annette-diruf.de\/index.php?rest_route=\/wp\/v2\/pages\/28\/revisions\/402"}],"wp:featuredmedia":[{"embeddable":true,"href":"https:\/\/www.annette-diruf.de\/index.php?rest_route=\/wp\/v2\/media\/15"}],"wp:attachment":[{"href":"https:\/\/www.annette-diruf.de\/index.php?rest_route=%2Fwp%2Fv2%2Fmedia&parent=28"}],"curies":[{"name":"wp","href":"https:\/\/api.w.org\/{rel}","templated":true}]}}